{"id":12,"date":"2016-04-25T12:14:50","date_gmt":"2016-04-25T12:14:50","guid":{"rendered":"http:\/\/kusatzbaeder.de\/?page_id=12"},"modified":"2016-04-26T06:21:41","modified_gmt":"2016-04-26T06:21:41","slug":"impressum","status":"publish","type":"page","link":"http:\/\/kusatzbaeder.de\/?page_id=12","title":{"rendered":"Impressum"},"content":{"rendered":"<p><strong>IMPRESSUM+DATENSCHUTZ<\/strong><\/p>\n<p>KB &#8211;\u00a0Kusatz B\u00e4der<br \/>\nInhaber Daniel Kusatz<br \/>\nRingstra\u00dfe 12<br \/>\n15848 Beeskow<br \/>\nmobil: 0173-4737282<br \/>\ninfo@kusatzbaeder.de<\/p>\n<p>_____________<\/p>\n<p>Datenschutzerkl\u00e4rung<\/p>\n<p>Die Firma KB Kusatz B\u00e4der\u00a0\u2013 Inhaber Daniel Kusatz, im Folgenden nur Firma Daniel Kusatz genannt, nimmt den Schutz Ihrer personenbezogenen Daten sehr ernst. Der Schutz Ihrer Privatsph\u00e4re bei der Verarbeitung pers\u00f6nlicher Daten ist f\u00fcr uns ein wichtiges Anliegen. Die Firma Daniel Kusatz verarbeitet pers\u00f6nliche Daten, die beim Besuch unserer Web-Seiten erhoben werden, ausschlie\u00dflich gem\u00e4\u00df der gesetzlichen Bestimmungen. Uns ist es wichtig, dass Sie jederzeit wissen, wann wir welche Daten speichern und wie wir diese verwenden (Transparenz-Prinzip). Im Folgenden m\u00f6chten wir Ihnen deshalb kurz darstellen, wie die Firma Daniel Kusatz Ihre Daten verarbeitet und welche Bedeutung dies bei der Nutzung unserer Dienste konkret f\u00fcr Sie hat.<\/p>\n<p>Personenbezogene Daten<br \/>\nPersonenbezogene Daten sind Einzelangaben \u00fcber nat\u00fcrliche Personen, die R\u00fcckschl\u00fcsse auf Ihre pers\u00f6nlichen, wirtschaftlichen oder tats\u00e4chlichen Verh\u00e4ltnisse zulassen. Dazu geh\u00f6ren zum Beispiel auch Adress- und Erreichbarkeitsdaten. Informationen, die nicht direkt mit Ihrer wirklichen Identit\u00e4t in Verbindung gebracht werden (bspw. Besuch favorisierter Websites oder Anzahl der Nutzer einer Site) fallen nicht darunter.<\/p>\n<p>Alle im \u00f6ffentlich zug\u00e4nglichen Bereich unserer Internetseite enthaltenen Rubriken k\u00f6nnen grunds\u00e4tzlich besucht werden. Eine Benutzerauthentifizierung ist daf\u00fcr nicht notwendig. Lediglich wenn Sie sich f\u00fcr einen unserer personalisierten Dienste registrieren lassen, fragen wir Sie nach Ihrem Namen und anderen pers\u00f6nlichen Informationen. Anders ist die Erbringung dieser Dienste nicht m\u00f6glich. Die Dateneingabe ist insofern freiwillig aber f\u00fcr die Registrierung erforderlich. Alle von Ihnen gemachten pers\u00f6nlichen Daten werden entsprechend den geltenden Datenschutzgesetzen behandelt. Die Daten werden ausschlie\u00dflich f\u00fcr den konkreten Zweck verarbeitet. Eine Weitergabe an Dritte erfolgt nicht. Ausnahmen bestehen dort, wo die Weitergabe der Daten zur Bearbeitung Ihrer Anfragen erforderlich ist.<\/p>\n<p>Auswertung<br \/>\nWir nutzen ein automatisches statistisches Auswertungstool, das dazu dient, zu Marketing- und Optimierungszwecken die Besuche auf unserer Website zu messen und zu analysieren. Wir nutzen daf\u00fcr Ihre IP-Adresse in der Absicht, technische Daten zu sammeln, unter anderem \u00fcber den Internetverkehr, \u00fcber den verwendeten Browser und Computer. Diese anonymen Daten werden getrennt von personenbezogenen Informationen auf gesicherten internen Systemen gespeichert und lassen daher keine R\u00fcckschl\u00fcsse auf eine individuelle Person zu. Aus diesen Daten k\u00f6nnen unter einem Pseudonym Nutzungsprofile erstellt werden. Hierzu k\u00f6nnen Cookies (s.u.) eingesetzt werden. Diese Erhebungen dient ausschlie\u00dflich der optimalen Anpassung unserer Internetseite auf die Bed\u00fcrfnisse unserer Nutzer und zu Marketingzwecken. Die erhobenen Daten werden ohne die gesondert erteilte Zustimmung des Betroffenen nicht dazu benutzt, den Besucher dieser Website pers\u00f6nlich zu identifizieren und nicht mit personenbezogenen Daten \u00fcber den Tr\u00e4ger des Pseudonyms zusammengef\u00fchrt. Eine Verkn\u00fcpfung oder Verwertung verkn\u00fcpfter personenbezogener Informationen mit anonymen Daten findet nicht statt. Der Datenerhebung und -speicherung kann jederzeit mit Wirkung f\u00fcr die Zukunft widersprochen werden.<\/p>\n<p>Einsatz von Cookies<br \/>\nUnsere Internetseite verwendet Cookies. Cookies sind kleine Textdateien, die vom Web-Server an Ihren PC verschickt werden und meist auf Ihrer Festplatte abgespeichert werden. Es handelt sich dabei nicht um Programme, die in das System des Benutzers eindringen und dort Schaden anrichten k\u00f6nnen. Obwohl Cookies den von Ihnen benutzten Computer identifizieren k\u00f6nnen, werden von Cookies selbst keine personenbezogenen Daten gespeichert. Wenn Sie unsere Website erneut besuchen, zeigt der Cookie an, dass es sich um einen wiederholten Besuch handelt. Sie k\u00f6nnen Ihren Browser so konfigurieren dass, die Annahme von Cookies prinzipiell verweigert wird oder Sie vorab informiert werden, wenn ein Cookie gespeichert wird. Weitere Informationen dazu finden Sie in der Bedienungsanleitung Ihres Internet-Browsers.<\/p>\n<p>Widerruf der Einwilligung<br \/>\nFerner k\u00f6nnen Sie die Einwilligung zur Erhebung, Verarbeitung und Nutzung Ihrer personenbezogenen Daten jederzeit mit Wirkung f\u00fcr die Zukunft widerrufen. Wenn Sie uns personenbezogene Daten \u00fcberlassen haben, haben Sie jederzeit die M\u00f6glichkeit, diese einfach wieder l\u00f6schen zu lassen. Benutzen Sie hierzu das dort vorhandene Formular zum Abmelden, senden Sie uns eine E-Mail an info@robertlinde.de oder nehmen Sie telefonisch Kontakt zu uns auf. Nach Best\u00e4tigung der Sicherheitsabfrage werden alle Ihre Daten zu diesem Service bei uns unwiederbringlich gel\u00f6scht.<\/p>\n<p>Links zu anderen Websites<br \/>\nDie Firma Daniel Kusatz haftet nicht f\u00fcr Inhalte anderer Anbieter, die \u00fcber Hyperlinks erreicht werden k\u00f6nnen. Bei den verlinkten externen Seiten handelt es sich ausschlie\u00dflich um fremde Inhalte, f\u00fcr die wir keine Haftung \u00fcbernehmen und deren Inhalt wir uns nicht zu Eigen machen. Zwar wurden diese Inhalte vor Verlinkung auf Rechts- und Sittenwidrigkeit \u00fcberpr\u00fcft, es ist jedoch nicht auszuschlie\u00dfen, dass Inhalte im Nachhinein von den Anbietern ver\u00e4ndert werden. Die Firma Daniel Kusatz ist nicht dazu verpflichtet, die verlinkten Seiten st\u00e4ndig auf Ver\u00e4nderungen zu \u00fcberpr\u00fcfen. Sollten Ihnen dennoch Rechtsverst\u00f6\u00dfe oder sonstige unangemessenen Inhalte auf verlinkten Seiten auffallen, bitten wir Sie um entsprechenden Hinweis. Zudem distanzieren wir uns ausdr\u00fccklich von rechts- und sittenwidrigen Internetinhalten.<\/p>\n<p>Fragen, Kritik und Kommentare<br \/>\nWenn Sie Fragen hinsichtlich der Verarbeitung Ihrer pers\u00f6nlichen Daten oder zum Thema Datenschutz allgemein haben, wenden Sie sich bitte an info@kusatzbaeder.de , auch im Falle von Auskunftsersuchen, Anregungen oder Kritik.<\/p>\n<p>&nbsp;<\/p>\n<p><img loading=\"lazy\" class=\"size-thumbnail wp-image-6 aligncenter\" src=\"http:\/\/kusatzbaeder.de\/wp-content\/uploads\/2016\/04\/kussatz_logo_v1_800-150x150.jpg\" alt=\"kussatz_logo_v1_800\" width=\"150\" height=\"150\" \/><\/p>\n","protected":false},"excerpt":{"rendered":"<p>IMPRESSUM+DATENSCHUTZ KB &#8211;\u00a0Kusatz B\u00e4der Inhaber Daniel Kusatz Ringstra\u00dfe 12 15848 Beeskow mobil: 0173-4737282 info@kusatzbaeder.de _____________ Datenschutzerkl\u00e4rung Die Firma KB Kusatz B\u00e4der\u00a0\u2013 Inhaber Daniel Kusatz, im Folgenden nur Firma Daniel Kusatz genannt, nimmt den Schutz Ihrer personenbezogenen Daten sehr ernst. Der Schutz Ihrer Privatsph\u00e4re bei der Verarbeitung pers\u00f6nlicher Daten ist f\u00fcr uns ein wichtiges Anliegen. Die&hellip;<\/p>\n<p class=\"more-link-wrapper\"><a class=\"more-link\" href=\"http:\/\/kusatzbaeder.de\/?page_id=12\">Continue<\/a><\/p>\n","protected":false},"author":1,"featured_media":0,"parent":0,"menu_order":4,"comment_status":"closed","ping_status":"closed","template":"","meta":[],"_links":{"self":[{"href":"http:\/\/kusatzbaeder.de\/index.php?rest_route=\/wp\/v2\/pages\/12"}],"collection":[{"href":"http:\/\/kusatzbaeder.de\/index.php?rest_route=\/wp\/v2\/pages"}],"about":[{"href":"http:\/\/kusatzbaeder.de\/index.php?rest_route=\/wp\/v2\/types\/page"}],"author":[{"embeddable":true,"href":"http:\/\/kusatzbaeder.de\/index.php?rest_route=\/wp\/v2\/users\/1"}],"replies":[{"embeddable":true,"href":"http:\/\/kusatzbaeder.de\/index.php?rest_route=%2Fwp%2Fv2%2Fcomments&post=12"}],"version-history":[{"count":5,"href":"http:\/\/kusatzbaeder.de\/index.php?rest_route=\/wp\/v2\/pages\/12\/revisions"}],"predecessor-version":[{"id":139,"href":"http:\/\/kusatzbaeder.de\/index.php?rest_route=\/wp\/v2\/pages\/12\/revisions\/139"}],"wp:attachment":[{"href":"http:\/\/kusatzbaeder.de\/index.php?rest_route=%2Fwp%2Fv2%2Fmedia&parent=12"}],"curies":[{"name":"wp","href":"https:\/\/api.w.org\/{rel}","templated":true}]}}